{"id":60,"date":"2025-05-18T13:29:24","date_gmt":"2025-05-18T13:29:24","guid":{"rendered":"https:\/\/helgum.se.helhost.se\/?page_id=60"},"modified":"2025-05-18T13:34:13","modified_gmt":"2025-05-18T13:34:13","slug":"om-helgum","status":"publish","type":"page","link":"https:\/\/helgum.se.helhost.se\/?page_id=60","title":{"rendered":"Historia"},"content":{"rendered":"\n<p><\/p>\n\n\n\n<p>Helgums socken bildades under senare delen av 1400-talet genom en utbrytning ur&nbsp;<a href=\"http:\/\/sv.wikipedia.org\/wiki\/Ramsele_socken\">Ramsele socken<\/a><\/p>\n\n\n\n<p>Vid&nbsp;<a href=\"http:\/\/sv.wikipedia.org\/wiki\/Kommunreformen_1862\">kommunreformen 1862<\/a>&nbsp;\u00f6vergick socknens ansvar f\u00f6r de kyrkliga fr\u00e5gorna till&nbsp;<a href=\"http:\/\/sv.wikipedia.org\/wiki\/Helgums_f%C3%B6rsamling\">Helgums f\u00f6rsamling<\/a>&nbsp;och f\u00f6r de borgerliga fr\u00e5gorna bildades&nbsp;<a href=\"http:\/\/sv.wikipedia.org\/wiki\/Helgums_landskommun\">Helgums landskommun<\/a>. Landskommunen uppgick 1971 i Sollefte\u00e5 kommun.<sup><a href=\"http:\/\/sv.wikipedia.org\/wiki\/Helgums_socken#cite_note-Harlen-2\"><br><\/a><\/sup><\/p>\n\n\n\n<p>Socknen har tillh\u00f6rt&nbsp;<a href=\"http:\/\/sv.wikipedia.org\/wiki\/F%C3%B6gderi\">f\u00f6gderier<\/a>, tingslag och&nbsp;<a href=\"http:\/\/sv.wikipedia.org\/wiki\/Domsaga\">domsagor<\/a>&nbsp;enligt vad som beskrivs i artikeln&nbsp;<a href=\"http:\/\/sv.wikipedia.org\/wiki\/%C3%85ngermanland\">\u00c5ngermanland<\/a>. De&nbsp;<a href=\"http:\/\/sv.wikipedia.org\/wiki\/B%C3%A5tsman_(indelningsverket)\">indelta b\u00e5tsm\u00e4nnen<\/a>&nbsp;tillh\u00f6rde Andra Norrlands f\u00f6rstadels b\u00e5tsmanskompani.<\/p>\n","protected":false},"excerpt":{"rendered":"<p>Helgums socken bildades under senare delen av 1400-talet genom en utbrytning ur&nbsp;Ramsele socken Vid&nbsp;kommunreformen 1862&nbsp;\u00f6vergick socknens ansvar f\u00f6r de kyrkliga fr\u00e5gorna till&nbsp;Helgums f\u00f6rsamling&nbsp;och f\u00f6r de borgerliga fr\u00e5gorna bildades&nbsp;Helgums landskommun. Landskommunen uppgick 1971 i Sollefte\u00e5 kommun. Socknen har tillh\u00f6rt&nbsp;f\u00f6gderier, tingslag och&nbsp;domsagor&nbsp;enligt vad som beskrivs i artikeln&nbsp;\u00c5ngermanland. De&nbsp;indelta b\u00e5tsm\u00e4nnen&nbsp;tillh\u00f6rde Andra Norrlands f\u00f6rstadels b\u00e5tsmanskompani.<\/p>\n","protected":false},"author":1,"featured_media":0,"parent":0,"menu_order":0,"comment_status":"closed","ping_status":"closed","template":"","meta":{"neve_meta_sidebar":"","neve_meta_container":"","neve_meta_enable_content_width":"","neve_meta_content_width":0,"neve_meta_title_alignment":"","neve_meta_author_avatar":"","neve_post_elements_order":"","neve_meta_disable_header":"","neve_meta_disable_footer":"","neve_meta_disable_title":"","footnotes":""},"class_list":["post-60","page","type-page","status-publish","hentry"],"yoast_head":"<!-- This site is optimized with the Yoast SEO plugin v26.4 - https:\/\/yoast.com\/wordpress\/plugins\/seo\/ -->\n<title>Historia - Helgum.se<\/title>\n<meta name=\"robots\" content=\"index, follow, max-snippet:-1, max-image-preview:large, max-video-preview:-1\" \/>\n<link rel=\"canonical\" href=\"https:\/\/helgum.se.helhost.se\/?page_id=60\" \/>\n<meta property=\"og:locale\" content=\"sv_SE\" \/>\n<meta property=\"og:type\" content=\"article\" \/>\n<meta property=\"og:title\" content=\"Historia - Helgum.se\" \/>\n<meta property=\"og:description\" content=\"Helgums socken bildades under senare delen av 1400-talet genom en utbrytning ur&nbsp;Ramsele socken Vid&nbsp;kommunreformen 1862&nbsp;\u00f6vergick socknens ansvar f\u00f6r de kyrkliga fr\u00e5gorna till&nbsp;Helgums f\u00f6rsamling&nbsp;och f\u00f6r de borgerliga fr\u00e5gorna bildades&nbsp;Helgums landskommun. Landskommunen uppgick 1971 i Sollefte\u00e5 kommun. Socknen har tillh\u00f6rt&nbsp;f\u00f6gderier, tingslag och&nbsp;domsagor&nbsp;enligt vad som beskrivs i artikeln&nbsp;\u00c5ngermanland. De&nbsp;indelta b\u00e5tsm\u00e4nnen&nbsp;tillh\u00f6rde Andra Norrlands f\u00f6rstadels b\u00e5tsmanskompani.\" \/>\n<meta property=\"og:url\" content=\"https:\/\/helgum.se.helhost.se\/?page_id=60\" \/>\n<meta property=\"og:site_name\" content=\"Helgum.se\" \/>\n<meta property=\"article:modified_time\" content=\"2025-05-18T13:34:13+00:00\" \/>\n<meta name=\"twitter:card\" content=\"summary_large_image\" \/>\n<meta name=\"twitter:label1\" content=\"Ber\u00e4knad l\u00e4stid\" \/>\n\t<meta name=\"twitter:data1\" content=\"1 minut\" \/>\n<script type=\"application\/ld+json\" class=\"yoast-schema-graph\">{\"@context\":\"https:\/\/schema.org\",\"@graph\":[{\"@type\":\"WebPage\",\"@id\":\"https:\/\/helgum.se.helhost.se\/?page_id=60\",\"url\":\"https:\/\/helgum.se.helhost.se\/?page_id=60\",\"name\":\"Historia - Helgum.se\",\"isPartOf\":{\"@id\":\"https:\/\/helgum.se.helhost.se\/#website\"},\"datePublished\":\"2025-05-18T13:29:24+00:00\",\"dateModified\":\"2025-05-18T13:34:13+00:00\",\"breadcrumb\":{\"@id\":\"https:\/\/helgum.se.helhost.se\/?page_id=60#breadcrumb\"},\"inLanguage\":\"sv-SE\",\"potentialAction\":[{\"@type\":\"ReadAction\",\"target\":[\"https:\/\/helgum.se.helhost.se\/?page_id=60\"]}]},{\"@type\":\"BreadcrumbList\",\"@id\":\"https:\/\/helgum.se.helhost.se\/?page_id=60#breadcrumb\",\"itemListElement\":[{\"@type\":\"ListItem\",\"position\":1,\"name\":\"Hem\",\"item\":\"https:\/\/helgum.se.helhost.se\/\"},{\"@type\":\"ListItem\",\"position\":2,\"name\":\"Historia\"}]},{\"@type\":\"WebSite\",\"@id\":\"https:\/\/helgum.se.helhost.se\/#website\",\"url\":\"https:\/\/helgum.se.helhost.se\/\",\"name\":\"Helgum.se\",\"description\":\"\",\"potentialAction\":[{\"@type\":\"SearchAction\",\"target\":{\"@type\":\"EntryPoint\",\"urlTemplate\":\"https:\/\/helgum.se.helhost.se\/?s={search_term_string}\"},\"query-input\":{\"@type\":\"PropertyValueSpecification\",\"valueRequired\":true,\"valueName\":\"search_term_string\"}}],\"inLanguage\":\"sv-SE\"}]}<\/script>\n<!-- \/ Yoast SEO plugin. -->","yoast_head_json":{"title":"Historia - Helgum.se","robots":{"index":"index","follow":"follow","max-snippet":"max-snippet:-1","max-image-preview":"max-image-preview:large","max-video-preview":"max-video-preview:-1"},"canonical":"https:\/\/helgum.se.helhost.se\/?page_id=60","og_locale":"sv_SE","og_type":"article","og_title":"Historia - Helgum.se","og_description":"Helgums socken bildades under senare delen av 1400-talet genom en utbrytning ur&nbsp;Ramsele socken Vid&nbsp;kommunreformen 1862&nbsp;\u00f6vergick socknens ansvar f\u00f6r de kyrkliga fr\u00e5gorna till&nbsp;Helgums f\u00f6rsamling&nbsp;och f\u00f6r de borgerliga fr\u00e5gorna bildades&nbsp;Helgums landskommun. Landskommunen uppgick 1971 i Sollefte\u00e5 kommun. Socknen har tillh\u00f6rt&nbsp;f\u00f6gderier, tingslag och&nbsp;domsagor&nbsp;enligt vad som beskrivs i artikeln&nbsp;\u00c5ngermanland. De&nbsp;indelta b\u00e5tsm\u00e4nnen&nbsp;tillh\u00f6rde Andra Norrlands f\u00f6rstadels b\u00e5tsmanskompani.","og_url":"https:\/\/helgum.se.helhost.se\/?page_id=60","og_site_name":"Helgum.se","article_modified_time":"2025-05-18T13:34:13+00:00","twitter_card":"summary_large_image","twitter_misc":{"Ber\u00e4knad l\u00e4stid":"1 minut"},"schema":{"@context":"https:\/\/schema.org","@graph":[{"@type":"WebPage","@id":"https:\/\/helgum.se.helhost.se\/?page_id=60","url":"https:\/\/helgum.se.helhost.se\/?page_id=60","name":"Historia - Helgum.se","isPartOf":{"@id":"https:\/\/helgum.se.helhost.se\/#website"},"datePublished":"2025-05-18T13:29:24+00:00","dateModified":"2025-05-18T13:34:13+00:00","breadcrumb":{"@id":"https:\/\/helgum.se.helhost.se\/?page_id=60#breadcrumb"},"inLanguage":"sv-SE","potentialAction":[{"@type":"ReadAction","target":["https:\/\/helgum.se.helhost.se\/?page_id=60"]}]},{"@type":"BreadcrumbList","@id":"https:\/\/helgum.se.helhost.se\/?page_id=60#breadcrumb","itemListElement":[{"@type":"ListItem","position":1,"name":"Hem","item":"https:\/\/helgum.se.helhost.se\/"},{"@type":"ListItem","position":2,"name":"Historia"}]},{"@type":"WebSite","@id":"https:\/\/helgum.se.helhost.se\/#website","url":"https:\/\/helgum.se.helhost.se\/","name":"Helgum.se","description":"","potentialAction":[{"@type":"SearchAction","target":{"@type":"EntryPoint","urlTemplate":"https:\/\/helgum.se.helhost.se\/?s={search_term_string}"},"query-input":{"@type":"PropertyValueSpecification","valueRequired":true,"valueName":"search_term_string"}}],"inLanguage":"sv-SE"}]}},"_links":{"self":[{"href":"https:\/\/helgum.se.helhost.se\/index.php?rest_route=\/wp\/v2\/pages\/60","targetHints":{"allow":["GET"]}}],"collection":[{"href":"https:\/\/helgum.se.helhost.se\/index.php?rest_route=\/wp\/v2\/pages"}],"about":[{"href":"https:\/\/helgum.se.helhost.se\/index.php?rest_route=\/wp\/v2\/types\/page"}],"author":[{"embeddable":true,"href":"https:\/\/helgum.se.helhost.se\/index.php?rest_route=\/wp\/v2\/users\/1"}],"replies":[{"embeddable":true,"href":"https:\/\/helgum.se.helhost.se\/index.php?rest_route=%2Fwp%2Fv2%2Fcomments&post=60"}],"version-history":[{"count":3,"href":"https:\/\/helgum.se.helhost.se\/index.php?rest_route=\/wp\/v2\/pages\/60\/revisions"}],"predecessor-version":[{"id":63,"href":"https:\/\/helgum.se.helhost.se\/index.php?rest_route=\/wp\/v2\/pages\/60\/revisions\/63"}],"wp:attachment":[{"href":"https:\/\/helgum.se.helhost.se\/index.php?rest_route=%2Fwp%2Fv2%2Fmedia&parent=60"}],"curies":[{"name":"wp","href":"https:\/\/api.w.org\/{rel}","templated":true}]}}