{"id":44,"date":"2025-05-18T13:18:12","date_gmt":"2025-05-18T13:18:12","guid":{"rendered":"https:\/\/helgum.se.helhost.se\/?page_id=44"},"modified":"2025-06-11T10:19:36","modified_gmt":"2025-06-11T10:19:36","slug":"artriksklippen","status":"publish","type":"page","link":"https:\/\/helgum.se.helhost.se\/?page_id=44","title":{"rendered":"\u00c4rtriksklippen"},"content":{"rendered":"\n<h2 class=\"wp-block-heading\">\u00c4rtriksklippen<\/h2>\n\n\n\n<figure class=\"wp-block-image\"><img decoding=\"async\" src=\"https:\/\/helgum.se\/images\/Artriksklippen008_640x409.jpg\" alt=\"Artriksklippen008 640x409\"\/><\/figure>\n\n\n\n<p>Foto Renn\u00e9 Abrahamsson<\/p>\n\n\n\n<p>Kl\u00e4ttringen \u00e4r inte l\u00e4tt men n\u00e4r man \u00e4ntligen n\u00e5tt toppen s\u00e5 f\u00e5r man \u201dl\u00f6n f\u00f6r m\u00f6dan\u201d man har lagt hela Helgum under sina f\u00f6tter!<\/p>\n\n\n\n<figure class=\"wp-block-image\"><img decoding=\"async\" src=\"https:\/\/helgum.se\/images\/artriksklippen2.jpg\" alt=\"artriksklippen2\"\/><\/figure>\n\n\n\n<p>Foto Jenny Mahlberg<\/p>\n\n\n\n<p><strong>\u00c4lgf\u00e5ngstgroparna <\/strong>ligger i rad vid sidan av v\u00e4gen, mellan tv\u00e5 bergssluttningar<\/p>\n","protected":false},"excerpt":{"rendered":"<p>\u00c4rtriksklippen Foto Renn\u00e9 Abrahamsson Kl\u00e4ttringen \u00e4r inte l\u00e4tt men n\u00e4r man \u00e4ntligen n\u00e5tt toppen s\u00e5 f\u00e5r man \u201dl\u00f6n f\u00f6r m\u00f6dan\u201d man har lagt hela Helgum under sina f\u00f6tter! Foto Jenny Mahlberg \u00c4lgf\u00e5ngstgroparna ligger i rad vid sidan av v\u00e4gen, mellan tv\u00e5 bergssluttningar<\/p>\n","protected":false},"author":1,"featured_media":0,"parent":0,"menu_order":0,"comment_status":"closed","ping_status":"closed","template":"","meta":{"neve_meta_sidebar":"","neve_meta_container":"","neve_meta_enable_content_width":"","neve_meta_content_width":0,"neve_meta_title_alignment":"","neve_meta_author_avatar":"","neve_post_elements_order":"","neve_meta_disable_header":"","neve_meta_disable_footer":"","neve_meta_disable_title":"","footnotes":""},"class_list":["post-44","page","type-page","status-publish","hentry"],"yoast_head":"<!-- This site is optimized with the Yoast SEO plugin v26.4 - https:\/\/yoast.com\/wordpress\/plugins\/seo\/ -->\n<title>\u00c4rtriksklippen - Helgum.se<\/title>\n<meta name=\"robots\" content=\"index, follow, max-snippet:-1, max-image-preview:large, max-video-preview:-1\" \/>\n<link rel=\"canonical\" href=\"https:\/\/helgum.se.helhost.se\/?page_id=44\" \/>\n<meta property=\"og:locale\" content=\"sv_SE\" \/>\n<meta property=\"og:type\" content=\"article\" \/>\n<meta property=\"og:title\" content=\"\u00c4rtriksklippen - Helgum.se\" \/>\n<meta property=\"og:description\" content=\"\u00c4rtriksklippen Foto Renn\u00e9 Abrahamsson Kl\u00e4ttringen \u00e4r inte l\u00e4tt men n\u00e4r man \u00e4ntligen n\u00e5tt toppen s\u00e5 f\u00e5r man \u201dl\u00f6n f\u00f6r m\u00f6dan\u201d man har lagt hela Helgum under sina f\u00f6tter! Foto Jenny Mahlberg \u00c4lgf\u00e5ngstgroparna ligger i rad vid sidan av v\u00e4gen, mellan tv\u00e5 bergssluttningar\" \/>\n<meta property=\"og:url\" content=\"https:\/\/helgum.se.helhost.se\/?page_id=44\" \/>\n<meta property=\"og:site_name\" content=\"Helgum.se\" \/>\n<meta property=\"article:modified_time\" content=\"2025-06-11T10:19:36+00:00\" \/>\n<meta property=\"og:image\" content=\"https:\/\/helgum.se\/images\/Artriksklippen008_640x409.jpg\" \/>\n<meta name=\"twitter:card\" content=\"summary_large_image\" \/>\n<meta name=\"twitter:label1\" content=\"Ber\u00e4knad l\u00e4stid\" \/>\n\t<meta name=\"twitter:data1\" content=\"1 minut\" \/>\n<script type=\"application\/ld+json\" class=\"yoast-schema-graph\">{\"@context\":\"https:\/\/schema.org\",\"@graph\":[{\"@type\":\"WebPage\",\"@id\":\"https:\/\/helgum.se.helhost.se\/?page_id=44\",\"url\":\"https:\/\/helgum.se.helhost.se\/?page_id=44\",\"name\":\"\u00c4rtriksklippen - Helgum.se\",\"isPartOf\":{\"@id\":\"https:\/\/helgum.se.helhost.se\/#website\"},\"primaryImageOfPage\":{\"@id\":\"https:\/\/helgum.se.helhost.se\/?page_id=44#primaryimage\"},\"image\":{\"@id\":\"https:\/\/helgum.se.helhost.se\/?page_id=44#primaryimage\"},\"thumbnailUrl\":\"https:\/\/helgum.se\/images\/Artriksklippen008_640x409.jpg\",\"datePublished\":\"2025-05-18T13:18:12+00:00\",\"dateModified\":\"2025-06-11T10:19:36+00:00\",\"breadcrumb\":{\"@id\":\"https:\/\/helgum.se.helhost.se\/?page_id=44#breadcrumb\"},\"inLanguage\":\"sv-SE\",\"potentialAction\":[{\"@type\":\"ReadAction\",\"target\":[\"https:\/\/helgum.se.helhost.se\/?page_id=44\"]}]},{\"@type\":\"ImageObject\",\"inLanguage\":\"sv-SE\",\"@id\":\"https:\/\/helgum.se.helhost.se\/?page_id=44#primaryimage\",\"url\":\"https:\/\/helgum.se\/images\/Artriksklippen008_640x409.jpg\",\"contentUrl\":\"https:\/\/helgum.se\/images\/Artriksklippen008_640x409.jpg\"},{\"@type\":\"BreadcrumbList\",\"@id\":\"https:\/\/helgum.se.helhost.se\/?page_id=44#breadcrumb\",\"itemListElement\":[{\"@type\":\"ListItem\",\"position\":1,\"name\":\"Hem\",\"item\":\"https:\/\/helgum.se.helhost.se\/\"},{\"@type\":\"ListItem\",\"position\":2,\"name\":\"\u00c4rtriksklippen\"}]},{\"@type\":\"WebSite\",\"@id\":\"https:\/\/helgum.se.helhost.se\/#website\",\"url\":\"https:\/\/helgum.se.helhost.se\/\",\"name\":\"Helgum.se\",\"description\":\"\",\"potentialAction\":[{\"@type\":\"SearchAction\",\"target\":{\"@type\":\"EntryPoint\",\"urlTemplate\":\"https:\/\/helgum.se.helhost.se\/?s={search_term_string}\"},\"query-input\":{\"@type\":\"PropertyValueSpecification\",\"valueRequired\":true,\"valueName\":\"search_term_string\"}}],\"inLanguage\":\"sv-SE\"}]}<\/script>\n<!-- \/ Yoast SEO plugin. -->","yoast_head_json":{"title":"\u00c4rtriksklippen - Helgum.se","robots":{"index":"index","follow":"follow","max-snippet":"max-snippet:-1","max-image-preview":"max-image-preview:large","max-video-preview":"max-video-preview:-1"},"canonical":"https:\/\/helgum.se.helhost.se\/?page_id=44","og_locale":"sv_SE","og_type":"article","og_title":"\u00c4rtriksklippen - Helgum.se","og_description":"\u00c4rtriksklippen Foto Renn\u00e9 Abrahamsson Kl\u00e4ttringen \u00e4r inte l\u00e4tt men n\u00e4r man \u00e4ntligen n\u00e5tt toppen s\u00e5 f\u00e5r man \u201dl\u00f6n f\u00f6r m\u00f6dan\u201d man har lagt hela Helgum under sina f\u00f6tter! Foto Jenny Mahlberg \u00c4lgf\u00e5ngstgroparna ligger i rad vid sidan av v\u00e4gen, mellan tv\u00e5 bergssluttningar","og_url":"https:\/\/helgum.se.helhost.se\/?page_id=44","og_site_name":"Helgum.se","article_modified_time":"2025-06-11T10:19:36+00:00","og_image":[{"url":"https:\/\/helgum.se\/images\/Artriksklippen008_640x409.jpg","type":"","width":"","height":""}],"twitter_card":"summary_large_image","twitter_misc":{"Ber\u00e4knad l\u00e4stid":"1 minut"},"schema":{"@context":"https:\/\/schema.org","@graph":[{"@type":"WebPage","@id":"https:\/\/helgum.se.helhost.se\/?page_id=44","url":"https:\/\/helgum.se.helhost.se\/?page_id=44","name":"\u00c4rtriksklippen - Helgum.se","isPartOf":{"@id":"https:\/\/helgum.se.helhost.se\/#website"},"primaryImageOfPage":{"@id":"https:\/\/helgum.se.helhost.se\/?page_id=44#primaryimage"},"image":{"@id":"https:\/\/helgum.se.helhost.se\/?page_id=44#primaryimage"},"thumbnailUrl":"https:\/\/helgum.se\/images\/Artriksklippen008_640x409.jpg","datePublished":"2025-05-18T13:18:12+00:00","dateModified":"2025-06-11T10:19:36+00:00","breadcrumb":{"@id":"https:\/\/helgum.se.helhost.se\/?page_id=44#breadcrumb"},"inLanguage":"sv-SE","potentialAction":[{"@type":"ReadAction","target":["https:\/\/helgum.se.helhost.se\/?page_id=44"]}]},{"@type":"ImageObject","inLanguage":"sv-SE","@id":"https:\/\/helgum.se.helhost.se\/?page_id=44#primaryimage","url":"https:\/\/helgum.se\/images\/Artriksklippen008_640x409.jpg","contentUrl":"https:\/\/helgum.se\/images\/Artriksklippen008_640x409.jpg"},{"@type":"BreadcrumbList","@id":"https:\/\/helgum.se.helhost.se\/?page_id=44#breadcrumb","itemListElement":[{"@type":"ListItem","position":1,"name":"Hem","item":"https:\/\/helgum.se.helhost.se\/"},{"@type":"ListItem","position":2,"name":"\u00c4rtriksklippen"}]},{"@type":"WebSite","@id":"https:\/\/helgum.se.helhost.se\/#website","url":"https:\/\/helgum.se.helhost.se\/","name":"Helgum.se","description":"","potentialAction":[{"@type":"SearchAction","target":{"@type":"EntryPoint","urlTemplate":"https:\/\/helgum.se.helhost.se\/?s={search_term_string}"},"query-input":{"@type":"PropertyValueSpecification","valueRequired":true,"valueName":"search_term_string"}}],"inLanguage":"sv-SE"}]}},"_links":{"self":[{"href":"https:\/\/helgum.se.helhost.se\/index.php?rest_route=\/wp\/v2\/pages\/44","targetHints":{"allow":["GET"]}}],"collection":[{"href":"https:\/\/helgum.se.helhost.se\/index.php?rest_route=\/wp\/v2\/pages"}],"about":[{"href":"https:\/\/helgum.se.helhost.se\/index.php?rest_route=\/wp\/v2\/types\/page"}],"author":[{"embeddable":true,"href":"https:\/\/helgum.se.helhost.se\/index.php?rest_route=\/wp\/v2\/users\/1"}],"replies":[{"embeddable":true,"href":"https:\/\/helgum.se.helhost.se\/index.php?rest_route=%2Fwp%2Fv2%2Fcomments&post=44"}],"version-history":[{"count":3,"href":"https:\/\/helgum.se.helhost.se\/index.php?rest_route=\/wp\/v2\/pages\/44\/revisions"}],"predecessor-version":[{"id":131,"href":"https:\/\/helgum.se.helhost.se\/index.php?rest_route=\/wp\/v2\/pages\/44\/revisions\/131"}],"wp:attachment":[{"href":"https:\/\/helgum.se.helhost.se\/index.php?rest_route=%2Fwp%2Fv2%2Fmedia&parent=44"}],"curies":[{"name":"wp","href":"https:\/\/api.w.org\/{rel}","templated":true}]}}